{"id":483,"date":"2024-03-15T11:05:35","date_gmt":"2024-03-15T16:05:35","guid":{"rendered":"https:\/\/ik-design.co\/?page_id=483"},"modified":"2024-10-21T16:18:20","modified_gmt":"2024-10-21T21:18:20","slug":"servicios","status":"publish","type":"page","link":"https:\/\/ik-design.co\/index.php\/servicios\/","title":{"rendered":"Servicios"},"content":{"rendered":"\t\t<div data-elementor-type=\"wp-page\" data-elementor-id=\"483\" class=\"elementor elementor-483\">\n\t\t\t\t<div class=\"elementor-element elementor-element-2ac750f e-flex e-con-boxed wpr-particle-no wpr-jarallax-no wpr-parallax-no wpr-sticky-section-no e-con e-parent\" data-id=\"2ac750f\" data-element_type=\"container\">\n\t\t\t\t\t<div class=\"e-con-inner\">\n\t\t\t\t<div class=\"elementor-element elementor-element-f0d8c00 elementor-widget elementor-widget-spacer\" data-id=\"f0d8c00\" data-element_type=\"widget\" data-widget_type=\"spacer.default\">\n\t\t\t\t<div class=\"elementor-widget-container\">\n\t\t\t\t\t<div class=\"elementor-spacer\">\n\t\t\t<div class=\"elementor-spacer-inner\"><\/div>\n\t\t<\/div>\n\t\t\t\t<\/div>\n\t\t\t\t<\/div>\n\t\t\t\t\t<\/div>\n\t\t\t\t<\/div>\n\t\t\t\t<section class=\"elementor-section elementor-top-section elementor-element elementor-element-7ca2c13e elementor-section-boxed elementor-section-height-default elementor-section-height-default wpr-particle-no wpr-jarallax-no wpr-parallax-no wpr-sticky-section-no\" data-id=\"7ca2c13e\" data-element_type=\"section\">\n\t\t\t\t\t\t<div class=\"elementor-container elementor-column-gap-default\">\n\t\t\t\t\t<div class=\"elementor-column elementor-col-100 elementor-top-column elementor-element elementor-element-3fc62e7d\" data-id=\"3fc62e7d\" data-element_type=\"column\">\n\t\t\t<div class=\"elementor-widget-wrap elementor-element-populated\">\n\t\t\t\t\t\t<div class=\"elementor-element elementor-element-401d9cb8 elementor-widget elementor-widget-heading\" data-id=\"401d9cb8\" data-element_type=\"widget\" data-widget_type=\"heading.default\">\n\t\t\t\t<div class=\"elementor-widget-container\">\n\t\t\t<h2 class=\"elementor-heading-title elementor-size-default\">SERVICIOS<\/h2>\t\t<\/div>\n\t\t\t\t<\/div>\n\t\t\t\t<div class=\"elementor-element elementor-element-30cab954 elementor-widget elementor-widget-text-editor\" data-id=\"30cab954\" data-element_type=\"widget\" data-widget_type=\"text-editor.default\">\n\t\t\t\t<div class=\"elementor-widget-container\">\n\t\t\t\t\t\t\t<p>En la compa\u00f1\u00eda hemos discriminado nuestro flujo de trabajo en 3 grandes \u00edtems: DISE\u00d1O, DESARROLLO y FABRICACI\u00d3N. Esto nos permite determinar en que proceso est\u00e1n los proyectos en los que entramos y as\u00ed mismo podemos focalizar mejor los recursos, tanto humanos como de producci\u00f3n. A continuaci\u00f3n te presentamos una breve descripci\u00f3n de nuestros servicios:<\/p>\t\t\t\t\t\t<\/div>\n\t\t\t\t<\/div>\n\t\t\t\t\t<\/div>\n\t\t<\/div>\n\t\t\t\t\t<\/div>\n\t\t<\/section>\n\t\t\t\t<section class=\"elementor-section elementor-top-section elementor-element elementor-element-2d10b76a elementor-section-boxed elementor-section-height-default elementor-section-height-default wpr-particle-no wpr-jarallax-no wpr-parallax-no wpr-sticky-section-no\" data-id=\"2d10b76a\" data-element_type=\"section\">\n\t\t\t\t\t\t<div class=\"elementor-container elementor-column-gap-default\">\n\t\t\t\t\t<div class=\"elementor-column elementor-col-100 elementor-top-column elementor-element elementor-element-24ab4d1d\" data-id=\"24ab4d1d\" data-element_type=\"column\">\n\t\t\t<div class=\"elementor-widget-wrap elementor-element-populated\">\n\t\t\t\t\t\t<div class=\"elementor-element elementor-element-e8b2162 elementor-widget__width-inherit wpr-data-table-type-custom wpr-table-align-items-left elementor-widget elementor-widget-wpr-data-table\" data-id=\"e8b2162\" data-element_type=\"widget\" data-widget_type=\"wpr-data-table.default\">\n\t\t\t\t<div class=\"elementor-widget-container\">\n\t\t\t\n\t\t\t\t\n\t\t<div class=\"wpr-table-container\">\n\t\t<div class=\"wpr-table-inner-container \" data-table-sorting=\"no\" data-custom-pagination=\"no\" data-row-pagination=\"\" data-entry-info=\"no\" data-rows-per-page=\"\">\n\n\t\t\n\t\t\t<table class=\"wpr-data-table\" id=\"wpr-data-table\">\n\t\t\t\t\t\t\t\t\n\t\t\t\t<thead>\n\t\t\t\t\t<tr class=\"wpr-table-head-row wpr-table-row\">\n\t\t\t\t\t\n\t\t\t\t\t\t<th class=\"wpr-table-th elementor-repeater-item-e723a17\" colspan=\"1\">\n\t\t\t\t\t\t\t<div class=\"\">\n\t\t\t\t\t\t\t\t\t\t\t\t\t\t\t\t\n\t\t\t\t\t\t\t\t\t\t\t\t\t\t\t\t\t<span class=\"wpr-table-text\">Para Quien?<\/span>\n\t\t\t\t\t\t\t\t\t\t\t\t\t\t\t\t\t\t\t\t\t\t\t\t\t\t\t\t\t\t\t\t\t\t\t\t\t\t\t\t\t\t\t\t\t\t\t<\/div>\n\t\t\t\t\t\t<\/th>\n\t\t\t\t\t\t\n\t\t\t\t\t\t<th class=\"wpr-table-th elementor-repeater-item-60de5ed\" colspan=\"1\">\n\t\t\t\t\t\t\t<div class=\"\">\n\t\t\t\t\t\t\t\t\t\t\t\t\t\t\t\t\n\t\t\t\t\t\t\t\t\t\t\t\t\t\t\t\t\t<span class=\"wpr-table-text\">Que Ofrecemos?<\/span>\n\t\t\t\t\t\t\t\t\t\t\t\t\t\t\t\t\t\t\t\t\t\t\t\t\t\t\t\t\t\t\t\t\t\t\t\t\t\t\t\t\t\t\t\t\t\t\t<\/div>\n\t\t\t\t\t\t<\/th>\n\t\t\t\t\t\t\n\t\t\t\t\t\t<th class=\"wpr-table-th elementor-repeater-item-f507a0e\" colspan=\"1\">\n\t\t\t\t\t\t\t<div class=\"\">\n\t\t\t\t\t\t\t\t\t\t\t\t\t\t\t\t\n\t\t\t\t\t\t\t\t\t\t\t\t\t\t\t\t\t<span class=\"wpr-table-text\">En que consiste?<\/span>\n\t\t\t\t\t\t\t\t\t\t\t\t\t\t\t\t\t\t\t\t\t\t\t\t\t\t\t\t\t\t\t\t\t\t\t\t\t\t\t\t\t\t\t\t\t\t\t<\/div>\n\t\t\t\t\t\t<\/th>\n\t\t\t\t\t\t\t\t\t\t\t<\/tr>\n\t\t\t\t<\/thead>\n\n\t\t\t\t<tbody>\n\t\t\t\t\t\t\t\t\t<tr class=\"wpr-table-body-row wpr-table-row elementor-repeater-item-b391c33 wpr-odd\">\n\t\t\t\t\t\t\t\t\t\t\t\t\t\n\t\t\t\t\t\t\t<td colspan=\"\" rowspan=\"\" class=\"elementor-repeater-item-967501f wpr-table-td\">\n\n\t\t\t\t\t\t\t\t<div class=\"wpr-td-content-wrapper \">\n\n\t\t\t\t\t\t\t\t\t\t\t\t\t\t\t\t\t\t\t\t\t\t\t\t\t\t\t\t\t<span>\n\t\t\t\t\t\t\t\t\t \n\t\t\t\t\t\t\t\t\t\t\t<span class=\"wpr-table-text\">\n\t\t\t\t\t\t\t\t\t\t\t\tCLIENTE FINAL: Si tienes un proyecto que quieres llevar a cabo y no tienes experiencia en dise\u00f1o o construcci\u00f3n, esta etapa es para ti.\t\t\t\t\t\t\t\t\t\t\t<\/span>\n\t\t\t\t\t\t\t\t\t\t\t\t\t\t\t\t\t\t\t\t<\/span>\n\t\t\t\t\t\t\t\t\t\t\t\t\t\t\t\t\t\t\t\t\t\t\t\t\t\t\t\t\n\t\t\t\t\t\t\t\t<\/div>\n\n\t\t\t\t\t\t\t<\/td>\n\t\t\t\t\t\t\t\t\t\t\t\t\t\t\t\n\t\t\t\t\t\t\t<td colspan=\"\" rowspan=\"\" class=\"elementor-repeater-item-3592f62 wpr-table-td\">\n\n\t\t\t\t\t\t\t\t<div class=\"wpr-td-content-wrapper \">\n\n\t\t\t\t\t\t\t\t\t\t\t\t\t\t\t\t\t\t\t\t\t\t\t\t\t\t\t\t\t<span>\n\t\t\t\t\t\t\t\t\t \n\t\t\t\t\t\t\t\t\t\t\t<span class=\"wpr-table-text\">\n\t\t\t\t\t\t\t\t\t\t\t\t<h3 align=\"center\">DISE\u00d1O\t\t\t\t\t\t\t\t\t\t\t<\/span>\n\t\t\t\t\t\t\t\t\t\t\t\t\t\t\t\t\t\t\t\t<\/span>\n\t\t\t\t\t\t\t\t\t\t\t\t\t\t\t\t\t\t\t\t\t\t\t\t\t\t\t\t\n\t\t\t\t\t\t\t\t<\/div>\n\n\t\t\t\t\t\t\t<\/td>\n\t\t\t\t\t\t\t\t\t\t\t\t\t\t\t\n\t\t\t\t\t\t\t<td colspan=\"\" rowspan=\"\" class=\"elementor-repeater-item-a53b280 wpr-table-td\">\n\n\t\t\t\t\t\t\t\t<div class=\"wpr-td-content-wrapper \">\n\n\t\t\t\t\t\t\t\t\t\t\t\t\t\t\t\t\t\t\t\t\t\t\t\t\t\t\t\t\t<span>\n\t\t\t\t\t\t\t\t\t \n\t\t\t\t\t\t\t\t\t\t\t<span class=\"wpr-table-text\">\n\t\t\t\t\t\t\t\t\t\t\t\tACERCAMIENTO INICIAL: Esta el la etapa inicial de cada proyecto. <br><br>\nEVALUACI\u00d3N DE ALCANCE: Ac\u00e1 tratamos de entender las necesidades\ny los objetivos que tiene el cliente con su proyecto.<br><br>\nLEVANTAMIENTO DE ESPACIOS: En esta etapa uno de nuestros t\u00e9cnicos\nhace un toma de medidas en obra con el fin de digitalizar el espacio\nen un formato CAD.<br><br>\nCONCEPTOS: Usamos diversas fuentes para encontrar conceptos de\ndise\u00f1o que nos ayuden a tener una mejor idea de lo que el cliente\nquiere lograr.<br><br>\nDISE\u00d1O CAD: Usando herramientas CAD hacemos planteamientos\niniciales de dise\u00f1o y llevamos a cabo los ajustes necesarios hasta el\npunto en que el cliente este satisfecho.<br><br>\nPLANOS: El producto final de esta etapa son los planos generales\nde dise\u00f1o.<br><br>\nRENDERS: Una opci\u00f3n muy \u00fatil para validar la modulaci\u00f3n, texturas, y\nmateriales es la elaboraci\u00f3n de renders. Nosotros contamos con las\nherramientas necesarias para entregar un producto de alt\u00edsima calidad.\t\t\t\t\t\t\t\t\t\t\t<\/span>\n\t\t\t\t\t\t\t\t\t\t\t\t\t\t\t\t\t\t\t\t<\/span>\n\t\t\t\t\t\t\t\t\t\t\t\t\t\t\t\t\t\t\t\t\t\t\t\t\t\t\t\t\n\t\t\t\t\t\t\t\t<\/div>\n\n\t\t\t\t\t\t\t<\/td>\n\t\t\t\t\t\t\t\t\t\t\t\t<\/tr>\n\t\t\t        \t\t\t\t\t<tr class=\"wpr-table-body-row wpr-table-row elementor-repeater-item-404b4f9 wpr-odd\">\n\t\t\t\t\t\t\t\t\t\t\t\t\t\n\t\t\t\t\t\t\t<td colspan=\"\" rowspan=\"\" class=\"elementor-repeater-item-91ac57f wpr-table-td\">\n\n\t\t\t\t\t\t\t\t<div class=\"wpr-td-content-wrapper \">\n\n\t\t\t\t\t\t\t\t\t\t\t\t\t\t\t\t\t\t\t\t\t\t\t\t\t\t\t\t\t<span>\n\t\t\t\t\t\t\t\t\t \n\t\t\t\t\t\t\t\t\t\t\t<span class=\"wpr-table-text\">\n\t\t\t\t\t\t\t\t\t\t\t\tDISE\u00d1ADORES Y ESTUDIOS DE \nDISE\u00d1O: Si trabajas\ncomo dise\u00f1ador y no tienes medios de producci\u00f3n nosotros tenemos una soluci\u00f3n para ti. <br><br>\nARQUITECTOS: Si haces obra civil y requieres un proveedor para tus proyectos nosotros somos un\naliado para ti. <br><br>\nCONSTRUCTORES: Tenemos una l\u00ednea dedicada a cubrir las necesidades de los constructores enfocada\nen la optimizaci\u00f3n por fabricaci\u00f3n en volumen. <br><br>\nCLIENTES FINALES: Si tienes un proyecto y adem\u00e1s tiene un concepto claro de lo que quieres lograr, te podemos ayudar a terminar de desarrollarlo.\t\t\t\t\t\t\t\t\t\t\t<\/span>\n\t\t\t\t\t\t\t\t\t\t\t\t\t\t\t\t\t\t\t\t<\/span>\n\t\t\t\t\t\t\t\t\t\t\t\t\t\t\t\t\t\t\t\t\t\t\t\t\t\t\t\t\n\t\t\t\t\t\t\t\t<\/div>\n\n\t\t\t\t\t\t\t<\/td>\n\t\t\t\t\t\t\t\t\t\t\t\t\t\t\t\n\t\t\t\t\t\t\t<td colspan=\"\" rowspan=\"\" class=\"elementor-repeater-item-8468d8a wpr-table-td\">\n\n\t\t\t\t\t\t\t\t<div class=\"wpr-td-content-wrapper \">\n\n\t\t\t\t\t\t\t\t\t\t\t\t\t\t\t\t\t\t\t\t\t\t\t\t\t\t\t\t\t<span>\n\t\t\t\t\t\t\t\t\t \n\t\t\t\t\t\t\t\t\t\t\t<span class=\"wpr-table-text\">\n\t\t\t\t\t\t\t\t\t\t\t\t<H3 align=\"center\">DESARROLLO\t\t\t\t\t\t\t\t\t\t\t<\/span>\n\t\t\t\t\t\t\t\t\t\t\t\t\t\t\t\t\t\t\t\t<\/span>\n\t\t\t\t\t\t\t\t\t\t\t\t\t\t\t\t\t\t\t\t\t\t\t\t\t\t\t\t\n\t\t\t\t\t\t\t\t<\/div>\n\n\t\t\t\t\t\t\t<\/td>\n\t\t\t\t\t\t\t\t\t\t\t\t\t\t\t\n\t\t\t\t\t\t\t<td colspan=\"\" rowspan=\"\" class=\"elementor-repeater-item-bf97735 wpr-table-td\">\n\n\t\t\t\t\t\t\t\t<div class=\"wpr-td-content-wrapper \">\n\n\t\t\t\t\t\t\t\t\t\t\t\t\t\t\t\t\t\t\t\t\t\t\t\t\t\t\t\t\t<span>\n\t\t\t\t\t\t\t\t\t \n\t\t\t\t\t\t\t\t\t\t\t<span class=\"wpr-table-text\">\n\t\t\t\t\t\t\t\t\t\t\t\tESPECIFICACI\u00d3N: En este punto determinamos los materiales con los\ncuales vamos a llevar a cabo el proyecto.<br><br>\nHERRAJES: En esta etapa determinamos los elementos mec\u00e1nicos para\npiezas m\u00f3viles que vamos a usar en el proceso de fabricaci\u00f3n.<br><br>\nMUESTRAS: Siempre es importante generar muestras reales de los\nmateriales que se van a utilizar con el fin de validar la etapa de\ndise\u00f1o y asegurarnos de que todo este acorde a lo planeado.<br><br>\nPROTOTIPOS: En algunos casos es necesario hacer prototipos reales\ncon el fin de evaluar en condiciones de uso. Esto suele ser necesario\ncuando el proyecto se va a desarrollar en condiciones con clima\nadverso o en el caso de que se vaya a hacer una producci\u00f3n en\nvolumen.<br><br>\nPLANOS: Esta etapa la cerramos con los planos de producci\u00f3n.\t\t\t\t\t\t\t\t\t\t\t<\/span>\n\t\t\t\t\t\t\t\t\t\t\t\t\t\t\t\t\t\t\t\t<\/span>\n\t\t\t\t\t\t\t\t\t\t\t\t\t\t\t\t\t\t\t\t\t\t\t\t\t\t\t\t\n\t\t\t\t\t\t\t\t<\/div>\n\n\t\t\t\t\t\t\t<\/td>\n\t\t\t\t\t\t\t\t\t\t\t\t<\/tr>\n\t\t\t        \t\t\t\t\t<tr class=\"wpr-table-body-row wpr-table-row elementor-repeater-item-3e90c60 wpr-odd\">\n\t\t\t\t\t\t\t\t\t\t\t\t\t\n\t\t\t\t\t\t\t<td colspan=\"\" rowspan=\"\" class=\"elementor-repeater-item-29360d2 wpr-table-td\">\n\n\t\t\t\t\t\t\t\t<div class=\"wpr-td-content-wrapper \">\n\n\t\t\t\t\t\t\t\t\t\t\t\t\t\t\t\t\t\t\t\t\t\t\t\t\t\t\t\t\t<span>\n\t\t\t\t\t\t\t\t\t \n\t\t\t\t\t\t\t\t\t\t\t<span class=\"wpr-table-text\">\n\t\t\t\t\t\t\t\t\t\t\t\tDISE\u00d1ADORES Y ESTUDIOS DE \nDISE\u00d1O: Si trabajas\ncomo dise\u00f1ador y no tienes medios de producci\u00f3n nosotros tenemos una soluci\u00f3n para ti. <br><br>\nARQUITECTOS: Si haces obra civil y requieres un proveedor para tus proyectos nosotros somos un\naliado para ti. <br><br>\nCONSTRUCTORES: Tenemos una l\u00ednea dedicada a cubrir las necesidades de los constructores enfocada\nen la optimizaci\u00f3n por fabricaci\u00f3n en volumen. <br><br>\nCLIENTES FINALES: Si tienes un proyecto y adem\u00e1s tiene un concepto claro de lo que quieres lograr, te podemos ayudar a terminar de desarrollarlo.\t\t\t\t\t\t\t\t\t\t\t<\/span>\n\t\t\t\t\t\t\t\t\t\t\t\t\t\t\t\t\t\t\t\t<\/span>\n\t\t\t\t\t\t\t\t\t\t\t\t\t\t\t\t\t\t\t\t\t\t\t\t\t\t\t\t\n\t\t\t\t\t\t\t\t<\/div>\n\n\t\t\t\t\t\t\t<\/td>\n\t\t\t\t\t\t\t\t\t\t\t\t\t\t\t\n\t\t\t\t\t\t\t<td colspan=\"\" rowspan=\"\" class=\"elementor-repeater-item-59c1029 wpr-table-td\">\n\n\t\t\t\t\t\t\t\t<div class=\"wpr-td-content-wrapper \">\n\n\t\t\t\t\t\t\t\t\t\t\t\t\t\t\t\t\t\t\t\t\t\t\t\t\t\t\t\t\t<span>\n\t\t\t\t\t\t\t\t\t \n\t\t\t\t\t\t\t\t\t\t\t<span class=\"wpr-table-text\">\n\t\t\t\t\t\t\t\t\t\t\t\t<H3 align=\"center\">FABRICACI\u00d3N\t\t\t\t\t\t\t\t\t\t\t<\/span>\n\t\t\t\t\t\t\t\t\t\t\t\t\t\t\t\t\t\t\t\t<\/span>\n\t\t\t\t\t\t\t\t\t\t\t\t\t\t\t\t\t\t\t\t\t\t\t\t\t\t\t\t\n\t\t\t\t\t\t\t\t<\/div>\n\n\t\t\t\t\t\t\t<\/td>\n\t\t\t\t\t\t\t\t\t\t\t\t\t\t\t\n\t\t\t\t\t\t\t<td colspan=\"\" rowspan=\"\" class=\"elementor-repeater-item-c1d5fb6 wpr-table-td\">\n\n\t\t\t\t\t\t\t\t<div class=\"wpr-td-content-wrapper \">\n\n\t\t\t\t\t\t\t\t\t\t\t\t\t\t\t\t\t\t\t\t\t\t\t\t\t\t\t\t\t<span>\n\t\t\t\t\t\t\t\t\t \n\t\t\t\t\t\t\t\t\t\t\t<span class=\"wpr-table-text\">\n\t\t\t\t\t\t\t\t\t\t\t\tTRANSFORMACI\u00d3N: En esta etapa ponemos todos nuestros medios de producci\u00f3n y nuestra experiencia para hacer la transformaci\u00f3n de las\nmaterias primas: Madera y sus derivados, metales, superficies solidas,\nmarmoles, placas de Quarzo, sinterizados, etc.<br><br>\nACABADOS: Algunos materiales requieren un proceso de acabado con\nel fin de llegar al producto final.<br><br>\nOBRA CIVIL: Ejecutamos los trabajos y adecuaciones necesarias en la\nobra.<br><br>\nMONTAJE E INSTALACI\u00d3N: Aca dejamos todo listo y entregamos a\nsatisfacci\u00f3n del cliente.\t\t\t\t\t\t\t\t\t\t\t<\/span>\n\t\t\t\t\t\t\t\t\t\t\t\t\t\t\t\t\t\t\t\t<\/span>\n\t\t\t\t\t\t\t\t\t\t\t\t\t\t\t\t\t\t\t\t\t\t\t\t\t\t\t\t\n\t\t\t\t\t\t\t\t<\/div>\n\n\t\t\t\t\t\t\t<\/td>\n\t\t\t\t\t\t\t\t\t\t\t\t<\/tr>\n\t\t\t        \t\t\t\t<\/tbody>\n\t\t\t<\/table>\n\t\t<\/div>\n\t\t<\/div>\n    \t\t\t<\/div>\n\t\t\t\t<\/div>\n\t\t\t\t\t<\/div>\n\t\t<\/div>\n\t\t\t\t\t<\/div>\n\t\t<\/section>\n\t\t\t\t<\/div>\n\t\t","protected":false},"excerpt":{"rendered":"<p>SERVICIOS En la compa\u00f1\u00eda hemos discriminado nuestro flujo de trabajo en 3 grandes \u00edtems: DISE\u00d1O, DESARROLLO y FABRICACI\u00d3N. Esto nos permite determinar en que proceso est\u00e1n los proyectos en los que entramos y as\u00ed mismo podemos focalizar mejor los recursos, tanto humanos como de producci\u00f3n. A continuaci\u00f3n te presentamos una breve descripci\u00f3n de nuestros servicios: Para Quien? Que Ofrecemos? En que consiste? CLIENTE FINAL: Si tienes un proyecto que quieres llevar a cabo y no tienes experiencia en dise\u00f1o o construcci\u00f3n, esta etapa es para ti. DISE\u00d1O ACERCAMIENTO INICIAL: Esta el la etapa inicial de cada proyecto. EVALUACI\u00d3N DE ALCANCE: Ac\u00e1 tratamos de entender las necesidades y los objetivos que tiene el cliente con su proyecto. LEVANTAMIENTO DE ESPACIOS: En esta etapa uno de nuestros t\u00e9cnicos hace un toma de medidas en obra con el fin de digitalizar el espacio en un formato CAD. CONCEPTOS: Usamos diversas fuentes para encontrar conceptos de dise\u00f1o que nos ayuden a tener una mejor idea de lo que el cliente quiere lograr. DISE\u00d1O CAD: Usando herramientas CAD hacemos planteamientos iniciales de dise\u00f1o y llevamos a cabo los ajustes necesarios hasta el punto en que el cliente este satisfecho. PLANOS: El producto final de esta etapa son los planos generales de dise\u00f1o. RENDERS: Una opci\u00f3n muy \u00fatil para validar la modulaci\u00f3n, texturas, y materiales es la elaboraci\u00f3n de renders. Nosotros contamos con las herramientas necesarias para entregar un producto de alt\u00edsima calidad. DISE\u00d1ADORES Y ESTUDIOS DE DISE\u00d1O: Si trabajas como dise\u00f1ador y no tienes medios de producci\u00f3n nosotros tenemos una soluci\u00f3n para ti. ARQUITECTOS: Si haces obra civil y requieres un proveedor para tus proyectos nosotros somos un aliado para ti. CONSTRUCTORES: Tenemos una l\u00ednea dedicada a cubrir las necesidades de los constructores enfocada en la optimizaci\u00f3n por fabricaci\u00f3n en volumen. CLIENTES FINALES: Si tienes un proyecto y adem\u00e1s tiene un concepto claro de lo que quieres lograr, te podemos ayudar a terminar de desarrollarlo. DESARROLLO ESPECIFICACI\u00d3N: En este punto determinamos los materiales con los cuales vamos a llevar a cabo el proyecto. HERRAJES: En esta etapa determinamos los elementos mec\u00e1nicos para piezas m\u00f3viles que vamos a usar en el proceso de fabricaci\u00f3n. MUESTRAS: Siempre es importante generar muestras reales de los materiales que se van a utilizar con el fin de validar la etapa de dise\u00f1o y asegurarnos de que todo este acorde a lo planeado. PROTOTIPOS: En algunos casos es necesario hacer prototipos reales con el fin de evaluar en condiciones de uso. Esto suele ser necesario cuando el proyecto se va a desarrollar en condiciones con clima adverso o en el caso de que se vaya a hacer una producci\u00f3n en volumen. PLANOS: Esta etapa la cerramos con los planos de producci\u00f3n. DISE\u00d1ADORES Y ESTUDIOS DE DISE\u00d1O: Si trabajas como dise\u00f1ador y no tienes medios de producci\u00f3n nosotros tenemos una soluci\u00f3n para ti. ARQUITECTOS: Si haces obra civil y requieres un proveedor para tus proyectos nosotros somos un aliado para ti. CONSTRUCTORES: Tenemos una l\u00ednea dedicada a cubrir las necesidades de los constructores enfocada en la optimizaci\u00f3n por fabricaci\u00f3n en volumen. CLIENTES FINALES: Si tienes un proyecto y adem\u00e1s tiene un concepto claro de lo que quieres lograr, te podemos ayudar a terminar de desarrollarlo. FABRICACI\u00d3N TRANSFORMACI\u00d3N: En esta etapa ponemos todos nuestros medios de producci\u00f3n y nuestra experiencia para hacer la transformaci\u00f3n de las materias primas: Madera y sus derivados, metales, superficies solidas, marmoles, placas de Quarzo, sinterizados, etc. ACABADOS: Algunos materiales requieren un proceso de acabado con el fin de llegar al producto final. OBRA CIVIL: Ejecutamos los trabajos y adecuaciones necesarias en la obra. MONTAJE E INSTALACI\u00d3N: Aca dejamos todo listo y entregamos a satisfacci\u00f3n del cliente.<\/p>\n","protected":false},"author":2,"featured_media":0,"parent":0,"menu_order":0,"comment_status":"closed","ping_status":"closed","template":"elementor_header_footer","meta":{"footnotes":""},"class_list":["post-483","page","type-page","status-publish","hentry","entry"],"_links":{"self":[{"href":"https:\/\/ik-design.co\/index.php\/wp-json\/wp\/v2\/pages\/483"}],"collection":[{"href":"https:\/\/ik-design.co\/index.php\/wp-json\/wp\/v2\/pages"}],"about":[{"href":"https:\/\/ik-design.co\/index.php\/wp-json\/wp\/v2\/types\/page"}],"author":[{"embeddable":true,"href":"https:\/\/ik-design.co\/index.php\/wp-json\/wp\/v2\/users\/2"}],"replies":[{"embeddable":true,"href":"https:\/\/ik-design.co\/index.php\/wp-json\/wp\/v2\/comments?post=483"}],"version-history":[{"count":103,"href":"https:\/\/ik-design.co\/index.php\/wp-json\/wp\/v2\/pages\/483\/revisions"}],"predecessor-version":[{"id":2040,"href":"https:\/\/ik-design.co\/index.php\/wp-json\/wp\/v2\/pages\/483\/revisions\/2040"}],"wp:attachment":[{"href":"https:\/\/ik-design.co\/index.php\/wp-json\/wp\/v2\/media?parent=483"}],"curies":[{"name":"wp","href":"https:\/\/api.w.org\/{rel}","templated":true}]}}