{"id":1852,"date":"2024-09-25T17:06:10","date_gmt":"2024-09-25T22:06:10","guid":{"rendered":"https:\/\/ik-design.co\/?page_id=1852"},"modified":"2024-10-21T16:17:48","modified_gmt":"2024-10-21T21:17:48","slug":"proyectos","status":"publish","type":"page","link":"https:\/\/ik-design.co\/index.php\/proyectos\/","title":{"rendered":"Proyectos"},"content":{"rendered":"\t\t<div data-elementor-type=\"wp-page\" data-elementor-id=\"1852\" class=\"elementor elementor-1852\">\n\t\t\t\t<div class=\"elementor-element elementor-element-402a02c4 e-flex e-con-boxed wpr-particle-no wpr-jarallax-no wpr-parallax-no wpr-sticky-section-no e-con e-parent\" data-id=\"402a02c4\" data-element_type=\"container\">\n\t\t\t\t\t<div class=\"e-con-inner\">\n\t\t\t\t<div class=\"elementor-element elementor-element-6d8c94b3 elementor-widget elementor-widget-heading\" data-id=\"6d8c94b3\" data-element_type=\"widget\" data-widget_type=\"heading.default\">\n\t\t\t\t<div class=\"elementor-widget-container\">\n\t\t\t<h1 class=\"elementor-heading-title elementor-size-default\">NUESTROS \n PROYECTOS<\/h1>\t\t<\/div>\n\t\t\t\t<\/div>\n\t\t\t\t\t<\/div>\n\t\t\t\t<\/div>\n\t\t<div class=\"elementor-element elementor-element-ef47c6d e-flex e-con-boxed wpr-particle-no wpr-jarallax-no wpr-parallax-no wpr-sticky-section-no e-con e-parent\" data-id=\"ef47c6d\" data-element_type=\"container\">\n\t\t\t\t\t<div class=\"e-con-inner\">\n\t\t\t\t<div class=\"elementor-element elementor-element-f6e8278 elementor-widget elementor-widget-menu-anchor\" data-id=\"f6e8278\" data-element_type=\"widget\" data-widget_type=\"menu-anchor.default\">\n\t\t\t\t<div class=\"elementor-widget-container\">\n\t\t\t\t\t<div class=\"elementor-menu-anchor\" id=\"casaleiva\"><\/div>\n\t\t\t\t<\/div>\n\t\t\t\t<\/div>\n\t\t\t\t<div class=\"elementor-element elementor-element-201ce20 elementor-widget elementor-widget-heading\" data-id=\"201ce20\" data-element_type=\"widget\" data-widget_type=\"heading.default\">\n\t\t\t\t<div class=\"elementor-widget-container\">\n\t\t\t<h2 class=\"elementor-heading-title elementor-size-default\">CASA LEIVA-MOLANO<\/h2>\t\t<\/div>\n\t\t\t\t<\/div>\n\t\t\t\t<div class=\"elementor-element elementor-element-6d9a499 elementor-widget elementor-widget-text-editor\" data-id=\"6d9a499\" data-element_type=\"widget\" data-widget_type=\"text-editor.default\">\n\t\t\t\t<div class=\"elementor-widget-container\">\n\t\t\t\t\t\t\t<p>Carpinter\u00eda arquitect\u00f3nica para casa campestre en Sopo.<\/p>\t\t\t\t\t\t<\/div>\n\t\t\t\t<\/div>\n\t\t\t\t\t<\/div>\n\t\t\t\t<\/div>\n\t\t<div class=\"elementor-element elementor-element-dfdd8f1 e-flex e-con-boxed wpr-particle-no wpr-jarallax-no wpr-parallax-no wpr-sticky-section-no e-con e-parent\" data-id=\"dfdd8f1\" data-element_type=\"container\">\n\t\t\t\t\t<div class=\"e-con-inner\">\n\t\t<div class=\"elementor-element elementor-element-7ff1f8e e-con-full e-flex wpr-particle-no wpr-jarallax-no wpr-parallax-no wpr-sticky-section-no e-con e-child\" data-id=\"7ff1f8e\" data-element_type=\"container\">\n\t\t\t\t<div class=\"elementor-element elementor-element-91c5024 elementor-widget elementor-widget-image\" data-id=\"91c5024\" data-element_type=\"widget\" data-widget_type=\"image.default\">\n\t\t\t\t<div class=\"elementor-widget-container\">\n\t\t\t\t\t\t\t\t\t\t\t\t\t<img decoding=\"async\" src=\"https:\/\/ik-design.co\/wp-content\/uploads\/elementor\/thumbs\/casa-leiva-nieto-1-qujw995dacgq5rwrw4rcfjnkujvej7k03y1xqy83bm.png\" title=\"casa-leiva-nieto-1\" alt=\"\" loading=\"lazy\" \/>\t\t\t\t\t\t\t\t\t\t\t\t\t<\/div>\n\t\t\t\t<\/div>\n\t\t\t\t<\/div>\n\t\t<div class=\"elementor-element elementor-element-e799796 e-con-full e-flex wpr-particle-no wpr-jarallax-no wpr-parallax-no wpr-sticky-section-no e-con e-child\" data-id=\"e799796\" data-element_type=\"container\">\n\t\t\t\t<div class=\"elementor-element elementor-element-0077a42 elementor-widget elementor-widget-image-gallery\" data-id=\"0077a42\" data-element_type=\"widget\" data-widget_type=\"image-gallery.default\">\n\t\t\t\t<div class=\"elementor-widget-container\">\n\t\t\t\t\t<div class=\"elementor-image-gallery\">\n\t\t\t<div id='gallery-1' class='gallery galleryid-1852 gallery-columns-4 gallery-size-thumbnail'><figure class='gallery-item'>\n\t\t\t<div class='gallery-icon landscape'>\n\t\t\t\t<a data-elementor-open-lightbox=\"yes\" data-elementor-lightbox-slideshow=\"0077a42\" data-elementor-lightbox-title=\"casa-leiva-nieto-2\" data-e-action-hash=\"#elementor-action%3Aaction%3Dlightbox%26settings%3DeyJpZCI6MTc4OCwidXJsIjoiaHR0cHM6XC9cL2lrLWRlc2lnbi5jb1wvd3AtY29udGVudFwvdXBsb2Fkc1wvMjAyNFwvMDlcL2Nhc2EtbGVpdmEtbmlldG8tMi5wbmciLCJzbGlkZXNob3ciOiIwMDc3YTQyIn0%3D\" href='https:\/\/ik-design.co\/wp-content\/uploads\/2024\/09\/casa-leiva-nieto-2.png'><img decoding=\"async\" width=\"150\" height=\"150\" src=\"https:\/\/ik-design.co\/wp-content\/uploads\/2024\/09\/casa-leiva-nieto-2-150x150.png\" class=\"attachment-thumbnail size-thumbnail\" alt=\"\" style=\"width:100%;height:66.63%;max-width:800px;\" \/><\/a>\n\t\t\t<\/div><\/figure><figure class='gallery-item'>\n\t\t\t<div class='gallery-icon landscape'>\n\t\t\t\t<a data-elementor-open-lightbox=\"yes\" data-elementor-lightbox-slideshow=\"0077a42\" data-elementor-lightbox-title=\"casa-leiva-nieto-3\" data-e-action-hash=\"#elementor-action%3Aaction%3Dlightbox%26settings%3DeyJpZCI6MTc4OSwidXJsIjoiaHR0cHM6XC9cL2lrLWRlc2lnbi5jb1wvd3AtY29udGVudFwvdXBsb2Fkc1wvMjAyNFwvMDlcL2Nhc2EtbGVpdmEtbmlldG8tMy5wbmciLCJzbGlkZXNob3ciOiIwMDc3YTQyIn0%3D\" href='https:\/\/ik-design.co\/wp-content\/uploads\/2024\/09\/casa-leiva-nieto-3.png'><img decoding=\"async\" width=\"150\" height=\"150\" src=\"https:\/\/ik-design.co\/wp-content\/uploads\/2024\/09\/casa-leiva-nieto-3-150x150.png\" class=\"attachment-thumbnail size-thumbnail\" alt=\"\" style=\"width:100%;height:66.63%;max-width:800px;\" \/><\/a>\n\t\t\t<\/div><\/figure><figure class='gallery-item'>\n\t\t\t<div class='gallery-icon landscape'>\n\t\t\t\t<a data-elementor-open-lightbox=\"yes\" data-elementor-lightbox-slideshow=\"0077a42\" data-elementor-lightbox-title=\"casa-leiva-nieto-4\" data-e-action-hash=\"#elementor-action%3Aaction%3Dlightbox%26settings%3DeyJpZCI6MTc5MCwidXJsIjoiaHR0cHM6XC9cL2lrLWRlc2lnbi5jb1wvd3AtY29udGVudFwvdXBsb2Fkc1wvMjAyNFwvMDlcL2Nhc2EtbGVpdmEtbmlldG8tNC5wbmciLCJzbGlkZXNob3ciOiIwMDc3YTQyIn0%3D\" href='https:\/\/ik-design.co\/wp-content\/uploads\/2024\/09\/casa-leiva-nieto-4.png'><img decoding=\"async\" width=\"150\" height=\"150\" src=\"https:\/\/ik-design.co\/wp-content\/uploads\/2024\/09\/casa-leiva-nieto-4-150x150.png\" class=\"attachment-thumbnail size-thumbnail\" alt=\"\" style=\"width:100%;height:66.63%;max-width:800px;\" \/><\/a>\n\t\t\t<\/div><\/figure><figure class='gallery-item'>\n\t\t\t<div class='gallery-icon landscape'>\n\t\t\t\t<a data-elementor-open-lightbox=\"yes\" data-elementor-lightbox-slideshow=\"0077a42\" data-elementor-lightbox-title=\"casa-leiva-nieto-5\" data-e-action-hash=\"#elementor-action%3Aaction%3Dlightbox%26settings%3DeyJpZCI6MTc5MSwidXJsIjoiaHR0cHM6XC9cL2lrLWRlc2lnbi5jb1wvd3AtY29udGVudFwvdXBsb2Fkc1wvMjAyNFwvMDlcL2Nhc2EtbGVpdmEtbmlldG8tNS5wbmciLCJzbGlkZXNob3ciOiIwMDc3YTQyIn0%3D\" href='https:\/\/ik-design.co\/wp-content\/uploads\/2024\/09\/casa-leiva-nieto-5.png'><img loading=\"lazy\" decoding=\"async\" width=\"150\" height=\"150\" src=\"https:\/\/ik-design.co\/wp-content\/uploads\/2024\/09\/casa-leiva-nieto-5-150x150.png\" class=\"attachment-thumbnail size-thumbnail\" alt=\"\" style=\"width:100%;height:66.63%;max-width:800px;\" \/><\/a>\n\t\t\t<\/div><\/figure><figure class='gallery-item'>\n\t\t\t<div class='gallery-icon landscape'>\n\t\t\t\t<a data-elementor-open-lightbox=\"yes\" data-elementor-lightbox-slideshow=\"0077a42\" data-elementor-lightbox-title=\"casa-leiva-nieto-6\" data-e-action-hash=\"#elementor-action%3Aaction%3Dlightbox%26settings%3DeyJpZCI6MTc5MiwidXJsIjoiaHR0cHM6XC9cL2lrLWRlc2lnbi5jb1wvd3AtY29udGVudFwvdXBsb2Fkc1wvMjAyNFwvMDlcL2Nhc2EtbGVpdmEtbmlldG8tNi5wbmciLCJzbGlkZXNob3ciOiIwMDc3YTQyIn0%3D\" href='https:\/\/ik-design.co\/wp-content\/uploads\/2024\/09\/casa-leiva-nieto-6.png'><img loading=\"lazy\" decoding=\"async\" width=\"150\" height=\"150\" src=\"https:\/\/ik-design.co\/wp-content\/uploads\/2024\/09\/casa-leiva-nieto-6-150x150.png\" class=\"attachment-thumbnail size-thumbnail\" alt=\"\" style=\"width:100%;height:66.63%;max-width:800px;\" \/><\/a>\n\t\t\t<\/div><\/figure><figure class='gallery-item'>\n\t\t\t<div class='gallery-icon landscape'>\n\t\t\t\t<a data-elementor-open-lightbox=\"yes\" data-elementor-lightbox-slideshow=\"0077a42\" data-elementor-lightbox-title=\"casa-leiva-nieto-7\" data-e-action-hash=\"#elementor-action%3Aaction%3Dlightbox%26settings%3DeyJpZCI6MTc5MywidXJsIjoiaHR0cHM6XC9cL2lrLWRlc2lnbi5jb1wvd3AtY29udGVudFwvdXBsb2Fkc1wvMjAyNFwvMDlcL2Nhc2EtbGVpdmEtbmlldG8tNy5wbmciLCJzbGlkZXNob3ciOiIwMDc3YTQyIn0%3D\" href='https:\/\/ik-design.co\/wp-content\/uploads\/2024\/09\/casa-leiva-nieto-7.png'><img loading=\"lazy\" decoding=\"async\" width=\"150\" height=\"150\" src=\"https:\/\/ik-design.co\/wp-content\/uploads\/2024\/09\/casa-leiva-nieto-7-150x150.png\" class=\"attachment-thumbnail size-thumbnail\" alt=\"\" style=\"width:100%;height:66.63%;max-width:800px;\" \/><\/a>\n\t\t\t<\/div><\/figure><figure class='gallery-item'>\n\t\t\t<div class='gallery-icon landscape'>\n\t\t\t\t<a data-elementor-open-lightbox=\"yes\" data-elementor-lightbox-slideshow=\"0077a42\" data-elementor-lightbox-title=\"casa-leiva-nieto-8\" data-e-action-hash=\"#elementor-action%3Aaction%3Dlightbox%26settings%3DeyJpZCI6MTc5NCwidXJsIjoiaHR0cHM6XC9cL2lrLWRlc2lnbi5jb1wvd3AtY29udGVudFwvdXBsb2Fkc1wvMjAyNFwvMDlcL2Nhc2EtbGVpdmEtbmlldG8tOC5wbmciLCJzbGlkZXNob3ciOiIwMDc3YTQyIn0%3D\" href='https:\/\/ik-design.co\/wp-content\/uploads\/2024\/09\/casa-leiva-nieto-8.png'><img loading=\"lazy\" decoding=\"async\" width=\"150\" height=\"150\" src=\"https:\/\/ik-design.co\/wp-content\/uploads\/2024\/09\/casa-leiva-nieto-8-150x150.png\" class=\"attachment-thumbnail size-thumbnail\" alt=\"\" style=\"width:100%;height:66.63%;max-width:800px;\" \/><\/a>\n\t\t\t<\/div><\/figure><figure class='gallery-item'>\n\t\t\t<div class='gallery-icon landscape'>\n\t\t\t\t<a data-elementor-open-lightbox=\"yes\" data-elementor-lightbox-slideshow=\"0077a42\" data-elementor-lightbox-title=\"casa-leiva-nieto-9\" data-e-action-hash=\"#elementor-action%3Aaction%3Dlightbox%26settings%3DeyJpZCI6MTc5NSwidXJsIjoiaHR0cHM6XC9cL2lrLWRlc2lnbi5jb1wvd3AtY29udGVudFwvdXBsb2Fkc1wvMjAyNFwvMDlcL2Nhc2EtbGVpdmEtbmlldG8tOS5wbmciLCJzbGlkZXNob3ciOiIwMDc3YTQyIn0%3D\" href='https:\/\/ik-design.co\/wp-content\/uploads\/2024\/09\/casa-leiva-nieto-9.png'><img loading=\"lazy\" decoding=\"async\" width=\"150\" height=\"150\" src=\"https:\/\/ik-design.co\/wp-content\/uploads\/2024\/09\/casa-leiva-nieto-9-150x150.png\" class=\"attachment-thumbnail size-thumbnail\" alt=\"\" style=\"width:100%;height:66.63%;max-width:800px;\" \/><\/a>\n\t\t\t<\/div><\/figure>\n\t\t<\/div>\n\t\t<\/div>\n\t\t\t\t<\/div>\n\t\t\t\t<\/div>\n\t\t\t\t<\/div>\n\t\t\t\t\t<\/div>\n\t\t\t\t<\/div>\n\t\t<div class=\"elementor-element elementor-element-cb7629a e-flex e-con-boxed wpr-particle-no wpr-jarallax-no wpr-parallax-no wpr-sticky-section-no e-con e-parent\" data-id=\"cb7629a\" data-element_type=\"container\">\n\t\t\t\t\t<div class=\"e-con-inner\">\n\t\t\t\t<div class=\"elementor-element elementor-element-231669a elementor-widget elementor-widget-menu-anchor\" data-id=\"231669a\" data-element_type=\"widget\" data-widget_type=\"menu-anchor.default\">\n\t\t\t\t<div class=\"elementor-widget-container\">\n\t\t\t\t\t<div class=\"elementor-menu-anchor\" id=\"penthouse\"><\/div>\n\t\t\t\t<\/div>\n\t\t\t\t<\/div>\n\t\t\t\t<div class=\"elementor-element elementor-element-426c438 elementor-widget elementor-widget-heading\" data-id=\"426c438\" data-element_type=\"widget\" data-widget_type=\"heading.default\">\n\t\t\t\t<div class=\"elementor-widget-container\">\n\t\t\t<h2 class=\"elementor-heading-title elementor-size-default\">PENT HOUSE 75<\/h2>\t\t<\/div>\n\t\t\t\t<\/div>\n\t\t\t\t<div class=\"elementor-element elementor-element-b236a47 elementor-widget elementor-widget-text-editor\" data-id=\"b236a47\" data-element_type=\"widget\" data-widget_type=\"text-editor.default\">\n\t\t\t\t<div class=\"elementor-widget-container\">\n\t\t\t\t\t\t\t<p>Restauraci\u00f3n de puertas molduradas y fabricaci\u00f3n de mobiliario estilo cl\u00e1sico americano.<\/p>\t\t\t\t\t\t<\/div>\n\t\t\t\t<\/div>\n\t\t\t\t\t<\/div>\n\t\t\t\t<\/div>\n\t\t<div class=\"elementor-element elementor-element-98e17f6 e-flex e-con-boxed wpr-particle-no wpr-jarallax-no wpr-parallax-no wpr-sticky-section-no e-con e-parent\" data-id=\"98e17f6\" data-element_type=\"container\">\n\t\t\t\t\t<div class=\"e-con-inner\">\n\t\t<div class=\"elementor-element elementor-element-6c54340 e-con-full e-flex wpr-particle-no wpr-jarallax-no wpr-parallax-no wpr-sticky-section-no e-con e-child\" data-id=\"6c54340\" data-element_type=\"container\">\n\t\t\t\t<div class=\"elementor-element elementor-element-4167d56 elementor-widget elementor-widget-image\" data-id=\"4167d56\" data-element_type=\"widget\" data-widget_type=\"image.default\">\n\t\t\t\t<div class=\"elementor-widget-container\">\n\t\t\t\t\t\t\t\t\t\t\t\t\t<img decoding=\"async\" src=\"https:\/\/ik-design.co\/wp-content\/uploads\/elementor\/thumbs\/pent-house-75-8-quvm4v0m8p5jx929xk4kpi7y7w36jeayjmfyfdeok2.png\" title=\"pent-house-75-8\" alt=\"\" loading=\"lazy\" \/>\t\t\t\t\t\t\t\t\t\t\t\t\t<\/div>\n\t\t\t\t<\/div>\n\t\t\t\t<\/div>\n\t\t<div class=\"elementor-element elementor-element-ea6b398 e-con-full e-flex wpr-particle-no wpr-jarallax-no wpr-parallax-no wpr-sticky-section-no e-con e-child\" data-id=\"ea6b398\" data-element_type=\"container\">\n\t\t\t\t<div class=\"elementor-element elementor-element-b78da23 elementor-widget elementor-widget-image-gallery\" data-id=\"b78da23\" data-element_type=\"widget\" data-widget_type=\"image-gallery.default\">\n\t\t\t\t<div class=\"elementor-widget-container\">\n\t\t\t\t\t<div class=\"elementor-image-gallery\">\n\t\t\t<div id='gallery-2' class='gallery galleryid-1852 gallery-columns-4 gallery-size-thumbnail'><figure class='gallery-item'>\n\t\t\t<div class='gallery-icon landscape'>\n\t\t\t\t<a data-elementor-open-lightbox=\"yes\" data-elementor-lightbox-slideshow=\"b78da23\" data-elementor-lightbox-title=\"pent-house-75-1\" data-e-action-hash=\"#elementor-action%3Aaction%3Dlightbox%26settings%3DeyJpZCI6MTkxNCwidXJsIjoiaHR0cHM6XC9cL2lrLWRlc2lnbi5jb1wvd3AtY29udGVudFwvdXBsb2Fkc1wvMjAyNFwvMDlcL3BlbnQtaG91c2UtNzUtMS5wbmciLCJzbGlkZXNob3ciOiJiNzhkYTIzIn0%3D\" href='https:\/\/ik-design.co\/wp-content\/uploads\/2024\/09\/pent-house-75-1.png'><img loading=\"lazy\" decoding=\"async\" width=\"150\" height=\"150\" src=\"https:\/\/ik-design.co\/wp-content\/uploads\/2024\/09\/pent-house-75-1-150x150.png\" class=\"attachment-thumbnail size-thumbnail\" alt=\"\" srcset=\"https:\/\/ik-design.co\/wp-content\/uploads\/2024\/09\/pent-house-75-1-150x150.png 150w, https:\/\/ik-design.co\/wp-content\/uploads\/2024\/09\/pent-house-75-1-300x300.png 300w, https:\/\/ik-design.co\/wp-content\/uploads\/2024\/09\/pent-house-75-1-768x768.png 768w, https:\/\/ik-design.co\/wp-content\/uploads\/2024\/09\/pent-house-75-1.png 800w\" sizes=\"(max-width: 150px) 100vw, 150px\" style=\"width:100%;height:100%;max-width:800px;\" \/><\/a>\n\t\t\t<\/div><\/figure><figure class='gallery-item'>\n\t\t\t<div class='gallery-icon landscape'>\n\t\t\t\t<a data-elementor-open-lightbox=\"yes\" data-elementor-lightbox-slideshow=\"b78da23\" data-elementor-lightbox-title=\"pent-house-75-3\" data-e-action-hash=\"#elementor-action%3Aaction%3Dlightbox%26settings%3DeyJpZCI6MTkxNSwidXJsIjoiaHR0cHM6XC9cL2lrLWRlc2lnbi5jb1wvd3AtY29udGVudFwvdXBsb2Fkc1wvMjAyNFwvMDlcL3BlbnQtaG91c2UtNzUtMy5wbmciLCJzbGlkZXNob3ciOiJiNzhkYTIzIn0%3D\" href='https:\/\/ik-design.co\/wp-content\/uploads\/2024\/09\/pent-house-75-3.png'><img loading=\"lazy\" decoding=\"async\" width=\"150\" height=\"150\" src=\"https:\/\/ik-design.co\/wp-content\/uploads\/2024\/09\/pent-house-75-3-150x150.png\" class=\"attachment-thumbnail size-thumbnail\" alt=\"\" srcset=\"https:\/\/ik-design.co\/wp-content\/uploads\/2024\/09\/pent-house-75-3-150x150.png 150w, https:\/\/ik-design.co\/wp-content\/uploads\/2024\/09\/pent-house-75-3-300x300.png 300w, https:\/\/ik-design.co\/wp-content\/uploads\/2024\/09\/pent-house-75-3-768x768.png 768w, https:\/\/ik-design.co\/wp-content\/uploads\/2024\/09\/pent-house-75-3.png 800w\" sizes=\"(max-width: 150px) 100vw, 150px\" style=\"width:100%;height:100%;max-width:800px;\" \/><\/a>\n\t\t\t<\/div><\/figure><figure class='gallery-item'>\n\t\t\t<div class='gallery-icon landscape'>\n\t\t\t\t<a data-elementor-open-lightbox=\"yes\" data-elementor-lightbox-slideshow=\"b78da23\" data-elementor-lightbox-title=\"pent-house-75-4\" data-e-action-hash=\"#elementor-action%3Aaction%3Dlightbox%26settings%3DeyJpZCI6MTkxNiwidXJsIjoiaHR0cHM6XC9cL2lrLWRlc2lnbi5jb1wvd3AtY29udGVudFwvdXBsb2Fkc1wvMjAyNFwvMDlcL3BlbnQtaG91c2UtNzUtNC5wbmciLCJzbGlkZXNob3ciOiJiNzhkYTIzIn0%3D\" href='https:\/\/ik-design.co\/wp-content\/uploads\/2024\/09\/pent-house-75-4.png'><img loading=\"lazy\" decoding=\"async\" width=\"150\" height=\"150\" src=\"https:\/\/ik-design.co\/wp-content\/uploads\/2024\/09\/pent-house-75-4-150x150.png\" class=\"attachment-thumbnail size-thumbnail\" alt=\"\" srcset=\"https:\/\/ik-design.co\/wp-content\/uploads\/2024\/09\/pent-house-75-4-150x150.png 150w, https:\/\/ik-design.co\/wp-content\/uploads\/2024\/09\/pent-house-75-4-300x300.png 300w, https:\/\/ik-design.co\/wp-content\/uploads\/2024\/09\/pent-house-75-4-768x768.png 768w, https:\/\/ik-design.co\/wp-content\/uploads\/2024\/09\/pent-house-75-4.png 800w\" sizes=\"(max-width: 150px) 100vw, 150px\" style=\"width:100%;height:100%;max-width:800px;\" \/><\/a>\n\t\t\t<\/div><\/figure><figure class='gallery-item'>\n\t\t\t<div class='gallery-icon landscape'>\n\t\t\t\t<a data-elementor-open-lightbox=\"yes\" data-elementor-lightbox-slideshow=\"b78da23\" data-elementor-lightbox-title=\"pent-house-75-5\" data-e-action-hash=\"#elementor-action%3Aaction%3Dlightbox%26settings%3DeyJpZCI6MTkxNywidXJsIjoiaHR0cHM6XC9cL2lrLWRlc2lnbi5jb1wvd3AtY29udGVudFwvdXBsb2Fkc1wvMjAyNFwvMDlcL3BlbnQtaG91c2UtNzUtNS5wbmciLCJzbGlkZXNob3ciOiJiNzhkYTIzIn0%3D\" href='https:\/\/ik-design.co\/wp-content\/uploads\/2024\/09\/pent-house-75-5.png'><img loading=\"lazy\" decoding=\"async\" width=\"150\" height=\"150\" src=\"https:\/\/ik-design.co\/wp-content\/uploads\/2024\/09\/pent-house-75-5-150x150.png\" class=\"attachment-thumbnail size-thumbnail\" alt=\"\" srcset=\"https:\/\/ik-design.co\/wp-content\/uploads\/2024\/09\/pent-house-75-5-150x150.png 150w, https:\/\/ik-design.co\/wp-content\/uploads\/2024\/09\/pent-house-75-5-300x300.png 300w, https:\/\/ik-design.co\/wp-content\/uploads\/2024\/09\/pent-house-75-5-768x768.png 768w, https:\/\/ik-design.co\/wp-content\/uploads\/2024\/09\/pent-house-75-5.png 800w\" sizes=\"(max-width: 150px) 100vw, 150px\" style=\"width:100%;height:100%;max-width:800px;\" \/><\/a>\n\t\t\t<\/div><\/figure><figure class='gallery-item'>\n\t\t\t<div class='gallery-icon landscape'>\n\t\t\t\t<a data-elementor-open-lightbox=\"yes\" data-elementor-lightbox-slideshow=\"b78da23\" data-elementor-lightbox-title=\"pent-house-75-7\" data-e-action-hash=\"#elementor-action%3Aaction%3Dlightbox%26settings%3DeyJpZCI6MTkxOSwidXJsIjoiaHR0cHM6XC9cL2lrLWRlc2lnbi5jb1wvd3AtY29udGVudFwvdXBsb2Fkc1wvMjAyNFwvMDlcL3BlbnQtaG91c2UtNzUtNy5wbmciLCJzbGlkZXNob3ciOiJiNzhkYTIzIn0%3D\" href='https:\/\/ik-design.co\/wp-content\/uploads\/2024\/09\/pent-house-75-7.png'><img loading=\"lazy\" decoding=\"async\" width=\"150\" height=\"150\" src=\"https:\/\/ik-design.co\/wp-content\/uploads\/2024\/09\/pent-house-75-7-150x150.png\" class=\"attachment-thumbnail size-thumbnail\" alt=\"\" srcset=\"https:\/\/ik-design.co\/wp-content\/uploads\/2024\/09\/pent-house-75-7-150x150.png 150w, https:\/\/ik-design.co\/wp-content\/uploads\/2024\/09\/pent-house-75-7-300x300.png 300w, https:\/\/ik-design.co\/wp-content\/uploads\/2024\/09\/pent-house-75-7-768x768.png 768w, https:\/\/ik-design.co\/wp-content\/uploads\/2024\/09\/pent-house-75-7.png 800w\" sizes=\"(max-width: 150px) 100vw, 150px\" style=\"width:100%;height:100%;max-width:800px;\" \/><\/a>\n\t\t\t<\/div><\/figure><figure class='gallery-item'>\n\t\t\t<div class='gallery-icon landscape'>\n\t\t\t\t<a data-elementor-open-lightbox=\"yes\" data-elementor-lightbox-slideshow=\"b78da23\" data-elementor-lightbox-title=\"pent-house-75-10\" data-e-action-hash=\"#elementor-action%3Aaction%3Dlightbox%26settings%3DeyJpZCI6MTkyMiwidXJsIjoiaHR0cHM6XC9cL2lrLWRlc2lnbi5jb1wvd3AtY29udGVudFwvdXBsb2Fkc1wvMjAyNFwvMDlcL3BlbnQtaG91c2UtNzUtMTAucG5nIiwic2xpZGVzaG93IjoiYjc4ZGEyMyJ9\" href='https:\/\/ik-design.co\/wp-content\/uploads\/2024\/09\/pent-house-75-10.png'><img loading=\"lazy\" decoding=\"async\" width=\"150\" height=\"150\" src=\"https:\/\/ik-design.co\/wp-content\/uploads\/2024\/09\/pent-house-75-10-150x150.png\" class=\"attachment-thumbnail size-thumbnail\" alt=\"\" style=\"width:100%;height:66.63%;max-width:800px;\" \/><\/a>\n\t\t\t<\/div><\/figure><figure class='gallery-item'>\n\t\t\t<div class='gallery-icon landscape'>\n\t\t\t\t<a data-elementor-open-lightbox=\"yes\" data-elementor-lightbox-slideshow=\"b78da23\" data-elementor-lightbox-title=\"pent-house-75-11\" data-e-action-hash=\"#elementor-action%3Aaction%3Dlightbox%26settings%3DeyJpZCI6MTkyMywidXJsIjoiaHR0cHM6XC9cL2lrLWRlc2lnbi5jb1wvd3AtY29udGVudFwvdXBsb2Fkc1wvMjAyNFwvMDlcL3BlbnQtaG91c2UtNzUtMTEucG5nIiwic2xpZGVzaG93IjoiYjc4ZGEyMyJ9\" href='https:\/\/ik-design.co\/wp-content\/uploads\/2024\/09\/pent-house-75-11.png'><img loading=\"lazy\" decoding=\"async\" width=\"150\" height=\"150\" src=\"https:\/\/ik-design.co\/wp-content\/uploads\/2024\/09\/pent-house-75-11-150x150.png\" class=\"attachment-thumbnail size-thumbnail\" alt=\"\" style=\"width:100%;height:66.63%;max-width:800px;\" \/><\/a>\n\t\t\t<\/div><\/figure><figure class='gallery-item'>\n\t\t\t<div class='gallery-icon landscape'>\n\t\t\t\t<a data-elementor-open-lightbox=\"yes\" data-elementor-lightbox-slideshow=\"b78da23\" data-elementor-lightbox-title=\"pent-house-75-12\" data-e-action-hash=\"#elementor-action%3Aaction%3Dlightbox%26settings%3DeyJpZCI6MTkyNCwidXJsIjoiaHR0cHM6XC9cL2lrLWRlc2lnbi5jb1wvd3AtY29udGVudFwvdXBsb2Fkc1wvMjAyNFwvMDlcL3BlbnQtaG91c2UtNzUtMTIucG5nIiwic2xpZGVzaG93IjoiYjc4ZGEyMyJ9\" href='https:\/\/ik-design.co\/wp-content\/uploads\/2024\/09\/pent-house-75-12.png'><img loading=\"lazy\" decoding=\"async\" width=\"150\" height=\"150\" src=\"https:\/\/ik-design.co\/wp-content\/uploads\/2024\/09\/pent-house-75-12-150x150.png\" class=\"attachment-thumbnail size-thumbnail\" alt=\"\" style=\"width:100%;height:66.63%;max-width:800px;\" \/><\/a>\n\t\t\t<\/div><\/figure>\n\t\t<\/div>\n\t\t<\/div>\n\t\t\t\t<\/div>\n\t\t\t\t<\/div>\n\t\t\t\t<\/div>\n\t\t\t\t\t<\/div>\n\t\t\t\t<\/div>\n\t\t\t\t<\/div>\n\t\t","protected":false},"excerpt":{"rendered":"<p>NUESTROS PROYECTOS CASA LEIVA-MOLANO Carpinter\u00eda arquitect\u00f3nica para casa campestre en Sopo. PENT HOUSE 75 Restauraci\u00f3n de puertas molduradas y fabricaci\u00f3n de mobiliario estilo cl\u00e1sico americano.<\/p>\n","protected":false},"author":2,"featured_media":0,"parent":0,"menu_order":0,"comment_status":"closed","ping_status":"closed","template":"elementor_header_footer","meta":{"footnotes":""},"class_list":["post-1852","page","type-page","status-publish","hentry","entry"],"_links":{"self":[{"href":"https:\/\/ik-design.co\/index.php\/wp-json\/wp\/v2\/pages\/1852"}],"collection":[{"href":"https:\/\/ik-design.co\/index.php\/wp-json\/wp\/v2\/pages"}],"about":[{"href":"https:\/\/ik-design.co\/index.php\/wp-json\/wp\/v2\/types\/page"}],"author":[{"embeddable":true,"href":"https:\/\/ik-design.co\/index.php\/wp-json\/wp\/v2\/users\/2"}],"replies":[{"embeddable":true,"href":"https:\/\/ik-design.co\/index.php\/wp-json\/wp\/v2\/comments?post=1852"}],"version-history":[{"count":115,"href":"https:\/\/ik-design.co\/index.php\/wp-json\/wp\/v2\/pages\/1852\/revisions"}],"predecessor-version":[{"id":2037,"href":"https:\/\/ik-design.co\/index.php\/wp-json\/wp\/v2\/pages\/1852\/revisions\/2037"}],"wp:attachment":[{"href":"https:\/\/ik-design.co\/index.php\/wp-json\/wp\/v2\/media?parent=1852"}],"curies":[{"name":"wp","href":"https:\/\/api.w.org\/{rel}","templated":true}]}}